{"id":803,"date":"2021-01-12T19:24:01","date_gmt":"2021-01-12T19:24:01","guid":{"rendered":"https:\/\/colegiotecnova.com.ar\/?page_id=803"},"modified":"2024-12-11T16:55:07","modified_gmt":"2024-12-11T16:55:07","slug":"preguntas-frecuentes","status":"publish","type":"page","link":"https:\/\/colegiotecnova.com.ar\/secundario\/preguntas-frecuentes\/","title":{"rendered":"Preguntas Frecuentes"},"content":{"rendered":"\n\t<section class=\"section comedor ayuda\" id=\"section_1661737668\">\n\t\t<div class=\"bg section-bg fill bg-fill  bg-loaded\" >\n\n\t\t\t\n\t\t\t\n\t\t\t\n\n\t\t<\/div>\n\n\t\t\n\n\t\t<div class=\"section-content relative\">\n\t\t\t\n\n<div class=\"row\"  id=\"row-89752942\">\n\n\n\t<div id=\"col-1181863097\" class=\"col small-12 large-12\"  >\n\t\t\t\t<div class=\"col-inner\"  >\n\t\t\t\n\t\t\t\n\n<h3>Preguntas Frecuentes<\/h3>\n\t<div id=\"gap-85800392\" class=\"gap-element clearfix\" style=\"display:block; height:auto;\">\n\t\t\n<style>\n#gap-85800392 {\n  padding-top: 20px;\n}\n<\/style>\n\t<\/div>\n\t\n\n<h5>Admisi\u00f3n<\/h5>\n<ol>\n<li>Ingrese a <span>colegiotecnova.com.ar<\/span> y haz click en <a href=\"\/#servicios\">CONTACTO<\/a>.<\/li>\n<li>Complete los datos solicitados y realice su consulta aclarando para que grado busca vacante. Se comunicaran con usted inmediatamente.<\/li>\n<li>El proceso de Admisi\u00f3n se inicia en Agosto y finaliza en Febrero.<br \/>\nLa reserva de vacantes est\u00e1 abierta durante todo el a\u00f1o.<\/li>\n<li>El importe de la reserva de vacantes, podr\u00e1 ser devuelta a solicitud de los padres hasta el 31 de Diciembre.<\/li>\n<li>Iniciado el ciclo escolar, la admisi\u00f3n ser\u00e1 sujeta a la aprobaci\u00f3n de la Direcci\u00f3n y a la disponibilidad de vacantes.<\/li>\n<\/ol>\n\t<div id=\"gap-1028386865\" class=\"gap-element clearfix\" style=\"display:block; height:auto;\">\n\t\t\n<style>\n#gap-1028386865 {\n  padding-top: 40px;\n}\n<\/style>\n\t<\/div>\n\t\n\n<h5>Funcionamiento<\/h5>\n<ol>\n<li>La capacidad de nuestras aulas son de 20 a 30 alumnos.<\/li>\n<li>Los <a href=\"https:\/\/colegiotecnova.com.ar\/secundario\/wp-content\/uploads\/2024\/12\/horarios-secundario.pdf\" target=\"_blank\" rel=\"noopener noreferrer\">horarios de funcionamiento<\/a>.<\/li>\n<li>El uso de uniformes es OBLIGATORIO, durante las actividades escolares.<\/li>\n<li>El colegio no cuenta con transporte escolar propio, puede contratar de forma particular y autorizar el retiro del alumno\/a completando este<a href=\"https:\/\/colegiotecnova.com.ar\/wp-content\/uploads\/2024\/03\/Autorizacion-retiro-en-micro-escolar.docx\"> formulario.<\/a><\/li>\n<li>La emergencia m\u00e9dica es contratada a empresas dedicadas a estos servicios.<\/li>\n<li>El seguro de responsabilidad civil de Establecimientos Educativos, se contrata con compa\u00f1\u00edas reconocidas por la Super Intendencia de Seguros.<\/li>\n<\/ol>\n\t<div id=\"gap-1553304049\" class=\"gap-element clearfix\" style=\"display:block; height:auto;\">\n\t\t\n<style>\n#gap-1553304049 {\n  padding-top: 40px;\n}\n<\/style>\n\t<\/div>\n\t\n\n\t<div id=\"gap-1124806103\" class=\"gap-element clearfix\" style=\"display:block; height:auto;\">\n\t\t\n<style>\n#gap-1124806103 {\n  padding-top: 30px;\n}\n<\/style>\n\t<\/div>\n\t\n\n<h5>Uniformes Escolares<\/h5>\n<h4>Solicitar Informaci\u00f3n a : romina-iacono@hotmail.com<\/h4>\n\n\t\t<\/div>\n\t\t\t\t\t<\/div>\n\n\t\n\n<\/div>\n\n\t\t<\/div>\n\n\t\t\n<style>\n#section_1661737668 {\n  padding-top: 50px;\n  padding-bottom: 50px;\n}\n<\/style>\n\t<\/section>\n\t\n\n","protected":false},"excerpt":{"rendered":"","protected":false},"author":1,"featured_media":0,"parent":0,"menu_order":0,"comment_status":"closed","ping_status":"closed","template":"page-blank.php","meta":{"_joinchat":[],"footnotes":""},"class_list":["post-803","page","type-page","status-publish","hentry"],"yoast_head":"<!-- This site is optimized with the Yoast SEO plugin v23.0 - https:\/\/yoast.com\/wordpress\/plugins\/seo\/ -->\n<title>Preguntas Frecuentes - Colegio Tecnova<\/title>\n<meta name=\"robots\" content=\"index, follow, max-snippet:-1, max-image-preview:large, max-video-preview:-1\" \/>\n<link rel=\"canonical\" href=\"https:\/\/colegiotecnova.com.ar\/secundario\/preguntas-frecuentes\/\" \/>\n<meta property=\"og:locale\" content=\"es_ES\" \/>\n<meta property=\"og:type\" content=\"article\" \/>\n<meta property=\"og:title\" content=\"Preguntas Frecuentes - Colegio Tecnova\" \/>\n<meta property=\"og:url\" content=\"https:\/\/colegiotecnova.com.ar\/secundario\/preguntas-frecuentes\/\" \/>\n<meta property=\"og:site_name\" content=\"Colegio Tecnova\" \/>\n<meta property=\"article:modified_time\" content=\"2024-12-11T16:55:07+00:00\" \/>\n<meta name=\"twitter:card\" content=\"summary_large_image\" \/>\n<meta name=\"twitter:label1\" content=\"Tiempo de lectura\" \/>\n\t<meta name=\"twitter:data1\" content=\"1 minuto\" \/>\n<script type=\"application\/ld+json\" class=\"yoast-schema-graph\">{\"@context\":\"https:\/\/schema.org\",\"@graph\":[{\"@type\":\"WebPage\",\"@id\":\"https:\/\/colegiotecnova.com.ar\/secundario\/preguntas-frecuentes\/\",\"url\":\"https:\/\/colegiotecnova.com.ar\/secundario\/preguntas-frecuentes\/\",\"name\":\"Preguntas Frecuentes - Colegio Tecnova\",\"isPartOf\":{\"@id\":\"https:\/\/colegiotecnova.com.ar\/secundario\/#website\"},\"datePublished\":\"2021-01-12T19:24:01+00:00\",\"dateModified\":\"2024-12-11T16:55:07+00:00\",\"breadcrumb\":{\"@id\":\"https:\/\/colegiotecnova.com.ar\/secundario\/preguntas-frecuentes\/#breadcrumb\"},\"inLanguage\":\"es\",\"potentialAction\":[{\"@type\":\"ReadAction\",\"target\":[\"https:\/\/colegiotecnova.com.ar\/secundario\/preguntas-frecuentes\/\"]}]},{\"@type\":\"BreadcrumbList\",\"@id\":\"https:\/\/colegiotecnova.com.ar\/secundario\/preguntas-frecuentes\/#breadcrumb\",\"itemListElement\":[{\"@type\":\"ListItem\",\"position\":1,\"name\":\"Portada\",\"item\":\"https:\/\/colegiotecnova.com.ar\/secundario\/\"},{\"@type\":\"ListItem\",\"position\":2,\"name\":\"Preguntas Frecuentes\"}]},{\"@type\":\"WebSite\",\"@id\":\"https:\/\/colegiotecnova.com.ar\/secundario\/#website\",\"url\":\"https:\/\/colegiotecnova.com.ar\/secundario\/\",\"name\":\"Colegio Tecnova\",\"description\":\"Nivel Secundario\",\"potentialAction\":[{\"@type\":\"SearchAction\",\"target\":{\"@type\":\"EntryPoint\",\"urlTemplate\":\"https:\/\/colegiotecnova.com.ar\/secundario\/?s={search_term_string}\"},\"query-input\":\"required name=search_term_string\"}],\"inLanguage\":\"es\"}]}<\/script>\n<!-- \/ Yoast SEO plugin. -->","yoast_head_json":{"title":"Preguntas Frecuentes - Colegio Tecnova","robots":{"index":"index","follow":"follow","max-snippet":"max-snippet:-1","max-image-preview":"max-image-preview:large","max-video-preview":"max-video-preview:-1"},"canonical":"https:\/\/colegiotecnova.com.ar\/secundario\/preguntas-frecuentes\/","og_locale":"es_ES","og_type":"article","og_title":"Preguntas Frecuentes - Colegio Tecnova","og_url":"https:\/\/colegiotecnova.com.ar\/secundario\/preguntas-frecuentes\/","og_site_name":"Colegio Tecnova","article_modified_time":"2024-12-11T16:55:07+00:00","twitter_card":"summary_large_image","twitter_misc":{"Tiempo de lectura":"1 minuto"},"schema":{"@context":"https:\/\/schema.org","@graph":[{"@type":"WebPage","@id":"https:\/\/colegiotecnova.com.ar\/secundario\/preguntas-frecuentes\/","url":"https:\/\/colegiotecnova.com.ar\/secundario\/preguntas-frecuentes\/","name":"Preguntas Frecuentes - Colegio Tecnova","isPartOf":{"@id":"https:\/\/colegiotecnova.com.ar\/secundario\/#website"},"datePublished":"2021-01-12T19:24:01+00:00","dateModified":"2024-12-11T16:55:07+00:00","breadcrumb":{"@id":"https:\/\/colegiotecnova.com.ar\/secundario\/preguntas-frecuentes\/#breadcrumb"},"inLanguage":"es","potentialAction":[{"@type":"ReadAction","target":["https:\/\/colegiotecnova.com.ar\/secundario\/preguntas-frecuentes\/"]}]},{"@type":"BreadcrumbList","@id":"https:\/\/colegiotecnova.com.ar\/secundario\/preguntas-frecuentes\/#breadcrumb","itemListElement":[{"@type":"ListItem","position":1,"name":"Portada","item":"https:\/\/colegiotecnova.com.ar\/secundario\/"},{"@type":"ListItem","position":2,"name":"Preguntas Frecuentes"}]},{"@type":"WebSite","@id":"https:\/\/colegiotecnova.com.ar\/secundario\/#website","url":"https:\/\/colegiotecnova.com.ar\/secundario\/","name":"Colegio Tecnova","description":"Nivel Secundario","potentialAction":[{"@type":"SearchAction","target":{"@type":"EntryPoint","urlTemplate":"https:\/\/colegiotecnova.com.ar\/secundario\/?s={search_term_string}"},"query-input":"required name=search_term_string"}],"inLanguage":"es"}]}},"_links":{"self":[{"href":"https:\/\/colegiotecnova.com.ar\/secundario\/wp-json\/wp\/v2\/pages\/803","targetHints":{"allow":["GET"]}}],"collection":[{"href":"https:\/\/colegiotecnova.com.ar\/secundario\/wp-json\/wp\/v2\/pages"}],"about":[{"href":"https:\/\/colegiotecnova.com.ar\/secundario\/wp-json\/wp\/v2\/types\/page"}],"author":[{"embeddable":true,"href":"https:\/\/colegiotecnova.com.ar\/secundario\/wp-json\/wp\/v2\/users\/1"}],"replies":[{"embeddable":true,"href":"https:\/\/colegiotecnova.com.ar\/secundario\/wp-json\/wp\/v2\/comments?post=803"}],"version-history":[{"count":21,"href":"https:\/\/colegiotecnova.com.ar\/secundario\/wp-json\/wp\/v2\/pages\/803\/revisions"}],"predecessor-version":[{"id":1521,"href":"https:\/\/colegiotecnova.com.ar\/secundario\/wp-json\/wp\/v2\/pages\/803\/revisions\/1521"}],"wp:attachment":[{"href":"https:\/\/colegiotecnova.com.ar\/secundario\/wp-json\/wp\/v2\/media?parent=803"}],"curies":[{"name":"wp","href":"https:\/\/api.w.org\/{rel}","templated":true}]}}