{"id":1524,"date":"2024-12-30T15:42:40","date_gmt":"2024-12-30T15:42:40","guid":{"rendered":"https:\/\/colegiotecnova.com.ar\/secundario\/?page_id=1524"},"modified":"2025-05-28T17:20:25","modified_gmt":"2025-05-28T17:20:25","slug":"trabaja-con-nosotros","status":"publish","type":"page","link":"https:\/\/colegiotecnova.com.ar\/secundario\/trabaja-con-nosotros\/","title":{"rendered":"Trabaja con nosotros"},"content":{"rendered":"\n\t<section class=\"section\" id=\"section_1573187112\">\n\t\t<div class=\"bg section-bg fill bg-fill  bg-loaded\" >\n\n\t\t\t\n\t\t\t\n\t\t\t\n\n\t\t<\/div>\n\n\t\t\n\n\t\t<div class=\"section-content relative\">\n\t\t\t\n\n<h2><span data-text-color=\"primary\">Trabaja con nosotros<\/span><\/h2>\n<p>En Colegio Tecnova, creemos en el poder transformador de la educaci\u00f3n y buscamos docentes apasionados que compartan nuestra visi\u00f3n. Si te entusiasma ense\u00f1ar, innovar y formar parte de una comunidad educativa comprometida con la excelencia, postulate, te estamos esperando!<\/p>\n\n\t\t<\/div>\n\n\t\t\n<style>\n#section_1573187112 {\n  padding-top: 30px;\n  padding-bottom: 30px;\n}\n<\/style>\n\t<\/section>\n\t\n\t<section class=\"section\" id=\"section_314869086\">\n\t\t<div class=\"bg section-bg fill bg-fill  bg-loaded\" >\n\n\t\t\t\n\t\t\t\n\t\t\t\n\n\t\t<\/div>\n\n\t\t\n\n\t\t<div class=\"section-content relative\">\n\t\t\t\n\n<p class=\"lead\">Envianos tu Cv a: <span data-text-color=\"primary\"><strong>cv@colegiotecnova.com.ar<\/strong><\/span><\/p>\n\n\t\t<\/div>\n\n\t\t\n<style>\n#section_314869086 {\n  padding-top: 30px;\n  padding-bottom: 30px;\n}\n<\/style>\n\t<\/section>\n\t\n\n","protected":false},"excerpt":{"rendered":"","protected":false},"author":2,"featured_media":0,"parent":0,"menu_order":0,"comment_status":"closed","ping_status":"closed","template":"","meta":{"_joinchat":[],"footnotes":""},"class_list":["post-1524","page","type-page","status-publish","hentry"],"yoast_head":"<!-- This site is optimized with the Yoast SEO plugin v23.0 - https:\/\/yoast.com\/wordpress\/plugins\/seo\/ -->\n<title>Trabaja con nosotros - Colegio Tecnova<\/title>\n<meta name=\"robots\" content=\"index, follow, max-snippet:-1, max-image-preview:large, max-video-preview:-1\" \/>\n<link rel=\"canonical\" href=\"https:\/\/colegiotecnova.com.ar\/secundario\/trabaja-con-nosotros\/\" \/>\n<meta property=\"og:locale\" content=\"es_ES\" \/>\n<meta property=\"og:type\" content=\"article\" \/>\n<meta property=\"og:title\" content=\"Trabaja con nosotros - Colegio Tecnova\" \/>\n<meta property=\"og:url\" content=\"https:\/\/colegiotecnova.com.ar\/secundario\/trabaja-con-nosotros\/\" \/>\n<meta property=\"og:site_name\" content=\"Colegio Tecnova\" \/>\n<meta property=\"article:modified_time\" content=\"2025-05-28T17:20:25+00:00\" \/>\n<meta name=\"twitter:card\" content=\"summary_large_image\" \/>\n<meta name=\"twitter:label1\" content=\"Tiempo de lectura\" \/>\n\t<meta name=\"twitter:data1\" content=\"1 minuto\" \/>\n<script type=\"application\/ld+json\" class=\"yoast-schema-graph\">{\"@context\":\"https:\/\/schema.org\",\"@graph\":[{\"@type\":\"WebPage\",\"@id\":\"https:\/\/colegiotecnova.com.ar\/secundario\/trabaja-con-nosotros\/\",\"url\":\"https:\/\/colegiotecnova.com.ar\/secundario\/trabaja-con-nosotros\/\",\"name\":\"Trabaja con nosotros - Colegio Tecnova\",\"isPartOf\":{\"@id\":\"https:\/\/colegiotecnova.com.ar\/secundario\/#website\"},\"datePublished\":\"2024-12-30T15:42:40+00:00\",\"dateModified\":\"2025-05-28T17:20:25+00:00\",\"breadcrumb\":{\"@id\":\"https:\/\/colegiotecnova.com.ar\/secundario\/trabaja-con-nosotros\/#breadcrumb\"},\"inLanguage\":\"es\",\"potentialAction\":[{\"@type\":\"ReadAction\",\"target\":[\"https:\/\/colegiotecnova.com.ar\/secundario\/trabaja-con-nosotros\/\"]}]},{\"@type\":\"BreadcrumbList\",\"@id\":\"https:\/\/colegiotecnova.com.ar\/secundario\/trabaja-con-nosotros\/#breadcrumb\",\"itemListElement\":[{\"@type\":\"ListItem\",\"position\":1,\"name\":\"Portada\",\"item\":\"https:\/\/colegiotecnova.com.ar\/secundario\/\"},{\"@type\":\"ListItem\",\"position\":2,\"name\":\"Trabaja con nosotros\"}]},{\"@type\":\"WebSite\",\"@id\":\"https:\/\/colegiotecnova.com.ar\/secundario\/#website\",\"url\":\"https:\/\/colegiotecnova.com.ar\/secundario\/\",\"name\":\"Colegio Tecnova\",\"description\":\"Nivel Secundario\",\"potentialAction\":[{\"@type\":\"SearchAction\",\"target\":{\"@type\":\"EntryPoint\",\"urlTemplate\":\"https:\/\/colegiotecnova.com.ar\/secundario\/?s={search_term_string}\"},\"query-input\":\"required name=search_term_string\"}],\"inLanguage\":\"es\"}]}<\/script>\n<!-- \/ Yoast SEO plugin. -->","yoast_head_json":{"title":"Trabaja con nosotros - Colegio Tecnova","robots":{"index":"index","follow":"follow","max-snippet":"max-snippet:-1","max-image-preview":"max-image-preview:large","max-video-preview":"max-video-preview:-1"},"canonical":"https:\/\/colegiotecnova.com.ar\/secundario\/trabaja-con-nosotros\/","og_locale":"es_ES","og_type":"article","og_title":"Trabaja con nosotros - Colegio Tecnova","og_url":"https:\/\/colegiotecnova.com.ar\/secundario\/trabaja-con-nosotros\/","og_site_name":"Colegio Tecnova","article_modified_time":"2025-05-28T17:20:25+00:00","twitter_card":"summary_large_image","twitter_misc":{"Tiempo de lectura":"1 minuto"},"schema":{"@context":"https:\/\/schema.org","@graph":[{"@type":"WebPage","@id":"https:\/\/colegiotecnova.com.ar\/secundario\/trabaja-con-nosotros\/","url":"https:\/\/colegiotecnova.com.ar\/secundario\/trabaja-con-nosotros\/","name":"Trabaja con nosotros - Colegio Tecnova","isPartOf":{"@id":"https:\/\/colegiotecnova.com.ar\/secundario\/#website"},"datePublished":"2024-12-30T15:42:40+00:00","dateModified":"2025-05-28T17:20:25+00:00","breadcrumb":{"@id":"https:\/\/colegiotecnova.com.ar\/secundario\/trabaja-con-nosotros\/#breadcrumb"},"inLanguage":"es","potentialAction":[{"@type":"ReadAction","target":["https:\/\/colegiotecnova.com.ar\/secundario\/trabaja-con-nosotros\/"]}]},{"@type":"BreadcrumbList","@id":"https:\/\/colegiotecnova.com.ar\/secundario\/trabaja-con-nosotros\/#breadcrumb","itemListElement":[{"@type":"ListItem","position":1,"name":"Portada","item":"https:\/\/colegiotecnova.com.ar\/secundario\/"},{"@type":"ListItem","position":2,"name":"Trabaja con nosotros"}]},{"@type":"WebSite","@id":"https:\/\/colegiotecnova.com.ar\/secundario\/#website","url":"https:\/\/colegiotecnova.com.ar\/secundario\/","name":"Colegio Tecnova","description":"Nivel Secundario","potentialAction":[{"@type":"SearchAction","target":{"@type":"EntryPoint","urlTemplate":"https:\/\/colegiotecnova.com.ar\/secundario\/?s={search_term_string}"},"query-input":"required name=search_term_string"}],"inLanguage":"es"}]}},"_links":{"self":[{"href":"https:\/\/colegiotecnova.com.ar\/secundario\/wp-json\/wp\/v2\/pages\/1524","targetHints":{"allow":["GET"]}}],"collection":[{"href":"https:\/\/colegiotecnova.com.ar\/secundario\/wp-json\/wp\/v2\/pages"}],"about":[{"href":"https:\/\/colegiotecnova.com.ar\/secundario\/wp-json\/wp\/v2\/types\/page"}],"author":[{"embeddable":true,"href":"https:\/\/colegiotecnova.com.ar\/secundario\/wp-json\/wp\/v2\/users\/2"}],"replies":[{"embeddable":true,"href":"https:\/\/colegiotecnova.com.ar\/secundario\/wp-json\/wp\/v2\/comments?post=1524"}],"version-history":[{"count":4,"href":"https:\/\/colegiotecnova.com.ar\/secundario\/wp-json\/wp\/v2\/pages\/1524\/revisions"}],"predecessor-version":[{"id":1550,"href":"https:\/\/colegiotecnova.com.ar\/secundario\/wp-json\/wp\/v2\/pages\/1524\/revisions\/1550"}],"wp:attachment":[{"href":"https:\/\/colegiotecnova.com.ar\/secundario\/wp-json\/wp\/v2\/media?parent=1524"}],"curies":[{"name":"wp","href":"https:\/\/api.w.org\/{rel}","templated":true}]}}